{"id":7,"date":"2010-06-04T11:58:50","date_gmt":"2010-06-04T09:58:50","guid":{"rendered":"http:\/\/www.npsconsulting-avocats.fr\/NPS\/?page_id=7"},"modified":"2025-04-01T08:14:09","modified_gmt":"2025-04-01T06:14:09","slug":"equipe-nps-consulting","status":"publish","type":"page","link":"https:\/\/www.npsconsulting-avocats.fr\/NPS\/equipe-nps-consulting\/","title":{"rendered":"\u00c9QUIPE"},"content":{"rendered":"\r\n<p>&nbsp;<\/p>\r\n<h1><img loading=\"lazy\" decoding=\"async\" class=\"aligncenter\" src=\"https:\/\/img.freepik.com\/photos-gratuite\/mains-ordinateur-portable-carte-du-monde-virtuel_1232-876.jpg?t=st=1674118156~exp=1674118756~hmac=a47b469cf0c06c5e1c51746cd585b3b45ec693bf593091693668fba3a8ae725a\" alt=\"Photo gratuite les mains avec un ordinateur portable et la carte du monde virtuel\" width=\"777\" height=\"502\" \/><\/h1>\r\n<h2>\u00a0<\/h2>\r\n<h2>NPS <em>CONSULTING<\/em> AVOCATS travaille en r\u00e9seau avec une \u00e9quipe d&rsquo;experts<\/h2>\r\n<p><!--more--><\/p>\r\n<table border=\"2\" width=\"100%\" cellspacing=\"0\" cellpadding=\"10\">\r\n<tbody>\r\n<tr>\r\n<td>\r\n<p><a href=\"http:\/\/www.npsconsulting-avocats.fr\/NPS\/wp-content\/uploads\/2010\/06\/colas-AMBLARD-4.jpg\"><img loading=\"lazy\" decoding=\"async\" src=\"http:\/\/www.npsconsulting-avocats.fr\/NPS\/wp-content\/uploads\/2010\/06\/colas-AMBLARD-4-150x150.jpg\" alt=\"colas AMBLARD 4\" width=\"150\" height=\"150\" \/><\/a><\/p>\r\n<p><strong>Colas AMBLARD<\/strong><\/p>\r\n<p><strong>Docteur en droit, DEA Droit des affaires, Avocat associ\u00e9\u00a0<\/strong><\/p>\r\n<p>Auteur d&rsquo;une th\u00e8se de droit intitul\u00e9e \u00ab\u00a0<em>Associations et activit\u00e9s \u00e9conomique<\/em>s\u00a0\u00bb (Mention F\u00e9licitations \u00e0 l&rsquo;unanimit\u00e9 du Jury 1998 &#8211; Prix de l&rsquo;ADDES et de la Fondation CETELEM en 1999).<\/p>\r\n<p>Il enseigne le droit des associations, la fiscalit\u00e9 des\u00a0organismes sans but lucratif (Master 2 fiscalit\u00e9 des entreprises), le droit des fondations, fonds de dotation et du m\u00e9c\u00e9nat (Master 2 Droit et fiscalit\u00e9 de l&rsquo;Art) \u00e0 l&rsquo;Universit\u00e9 Jean Moulin Lyon III depuis 2000 ainsi qu&rsquo;\u00e0 l&rsquo;\u00c9cole des avocats et de Notariat de Lyon.<\/p>\r\n<p>Membre des Comit\u00e9s scientifiques suivants :<\/p>\r\n<ul>\r\n<li><a href=\"https:\/\/addes.asso.fr\/\">ADDES<\/a> (sous l&rsquo;\u00e9gide de la Fondation du Cr\u00e9dit Coop\u00e9ratif) depuis 1999.<\/li>\r\n<li>Institut <a href=\"https:\/\/ideas.asso.fr\/\">IDEAS<\/a> depuis 2018<\/li>\r\n<li>Revue <a href=\"http:\/\/www.juriseditions.fr\/juris-associations.htm\">Juris Associations Dalloz<\/a> depuis 2022.<\/li>\r\n<\/ul>\r\n<p>Pr\u00e9sident fondateur de la Commission <em>Droit<\/em><em> des associations et des\u00a0fondations<\/em> de l&rsquo;Ordre des avocats du Barreau de Lyon de 2005 \u00e0 2010. Membre de la Commission <em>Droit du sport<\/em> et <em>Droit des associations, des fondations, fonds de dotation et entreprises de l&rsquo;ESS<\/em> depuis 2005.<\/p>\r\n<p>Pr\u00e9sident de l&rsquo;<a href=\"https:\/\/institut-isbl.fr\/\">Institut ISBL<\/a>, think-tank organis\u00e9 sous la forme d&rsquo;association Loi 1901 dont l&rsquo;objet consiste \u00e0 promouvoir l&rsquo;\u00c9conomie sociale et solidaire (ESS) comme force de transformation sociale.<\/p>\r\n<p>Auteur de <a href=\"https:\/\/www.npsconsulting-avocats.fr\/NPS\/references\/\">nombreux articles<\/a> <span style=\"font-size: 16px; font-family: inherit;\">dans ses <a href=\"https:\/\/www.npsconsulting-avocats.fr\/NPS\/presentation-nps-consulting\/\">domaines d&rsquo;intervention<\/a> (Lamy Associations, Juris Associations Dalloz, RECMA, Wolters Kluwers, ISBL Magazine, Lexis Nexis, Miroir Social&#8230;). <\/span>Il a r\u00e9dig\u00e9 les ouvrages suivants :<\/p>\r\n<ul>\r\n<li><em>Fonds de dotation : un outil au service de l&rsquo;int\u00e9r\u00eat g\u00e9n\u00e9ral, <\/em>\u00e9d. Juris-associations Dalloz &#8211; collec. Hors-S\u00e9rie, mars 2024, monographie (1\u00e8re \u00e9d.), 231 pages<\/li>\r\n<li><em>Projet associatif : le financement dans tous ses \u00e9tats <\/em>(ouvrage collectif sous la direction du Professeur Jean-Fran\u00e7ois Hamelin) \u00e9d. Juris-associations Dalloz &#8211; Collec. Hors S\u00e9rie, janv. 2021, monographie (1\u00e8re \u00e9d.), 192 pages<\/li>\r\n<li><em>La gouvernance des entreprises associatives : administration et fonctionnement<\/em> (Pr\u00e9face Karim Mahmoud Vintam), \u00e9d. Juris-associations Dalloz &#8211; Collec. Hors S\u00e9rie, ao\u00fbt 2019, monographie (1\u00e8me \u00e9d.), 270 pages<\/li>\r\n<li><em>Fonds de dotation : une r\u00e9volution dans le monde des ISBL<\/em>, collect. Lamy Axe Droit, d\u00e9c. 2015, monographie (2\u00e8me \u00e9d.), 227 pages<\/li>\r\n<li><em>L&rsquo;entreprise associative : guide juridique des activit\u00e9s \u00e9conomiques et commerciales des associations<\/em>, Association Mode d&rsquo;Emploi, Juin 2006, monographie, 149 pages<\/li>\r\n<li><em>Des aspects juridiques li\u00e9s \u00e0 l&rsquo;organisation d&rsquo;un \u00e9v\u00e8nement sportif<\/em> (ouvrage collectif des membres de la Commission Droit du Sport du Barreau de Lyon), \u00e9d. Presses Universitaires du Sport, sept. 2005, monographie, 176 pages<\/li>\r\n<\/ul>\r\n<p>Il a plus particuli\u00e8rement en charge la <a href=\"https:\/\/www.npsconsulting-avocats.fr\/NPS\/references\/\">gestion de dossiers complexes<\/a> li\u00e9s \u00e0 la cr\u00e9ation, l&rsquo;optimisation et \u00e0 la restructuration des organismes sans but lucratif (associations, fondations, fonds de dotation, syndicats) sous la forme de fusion, scission et apport partiel d&rsquo;actifs.<\/p>\r\n<p>Formateur et conf\u00e9rencier.<\/p>\r\nIl intervient sur toute la France et \u00e0 l&rsquo;\u00e9tranger.<\/td>\r\n<\/tr>\r\n<\/tbody>\r\n<\/table>\r\n<p><!--more--><\/p>\r\n<table border=\"2\" width=\"100%\" cellspacing=\"0\" cellpadding=\"10\">\r\n<tbody>\r\n<tr>\r\n<td>\r\n<h2><a href=\"http:\/\/www.npsconsulting-avocats.fr\/NPS\/wp-content\/uploads\/2010\/06\/Magalie-ROS.jpg\"><img loading=\"lazy\" decoding=\"async\" title=\"Photo Magalie ROS\" src=\"http:\/\/www.npsconsulting-avocats.fr\/NPS\/wp-content\/uploads\/2010\/06\/Magalie-ROS-107x150.jpg\" alt=\"\" width=\"107\" height=\"150\" \/><\/a><\/h2>\r\n<p><strong>Magalie ROS<\/strong><\/p>\r\n<p><strong>Assistante administrative et juridique<\/strong><\/p>\r\n<p>Charg\u00e9e du secr\u00e9tariat juridique et des formalit\u00e9s administratives des OSBL et entreprises de l&rsquo;ESS.<\/p>\r\n<\/td>\r\n<\/tr>\r\n<\/tbody>\r\n<\/table>\r\n<table border=\"2\" width=\"100%\" cellspacing=\"0\" cellpadding=\"10\">\r\n<tbody>\r\n<tr>\r\n<td>\r\n<p>Nous travaillons au sein du Cabinet en \u00e9troite collaboration avec 5 autres confr\u00e8res b\u00e9n\u00e9ficiant d\u2019une longue exp\u00e9rience, tous inscrits au Barreau de Lyon et Paris et qui interviennent \u00e0 nos cot\u00e9s dans les secteurs du droit des soci\u00e9t\u00e9s, droit social, droit public, droit de l&rsquo;urbanisme et de l&rsquo;environnement.<\/p>\r\n<p><strong>NPS <em>consulting<\/em><\/strong> <em><strong>avocats<\/strong> <\/em>est membre du r\u00e9seau d&rsquo;experts ISBL CONSULTANTS : <a href=\"http:\/\/www.isbl-consultants.fr\/presentation\/notre-equipe\/\">cliquez ici<\/a><\/p>\r\n<\/td>\r\n<\/tr>\r\n<\/tbody>\r\n<\/table>\r\n","protected":false},"excerpt":{"rendered":"<p>&nbsp; \u00a0 NPS CONSULTING AVOCATS travaille en r\u00e9seau avec une \u00e9quipe d&rsquo;experts<\/p>\n","protected":false},"author":2,"featured_media":3109,"parent":0,"menu_order":2,"comment_status":"closed","ping_status":"closed","template":"","meta":{"site-sidebar-layout":"default","site-content-layout":"default","ast-site-content-layout":"default","site-content-style":"default","site-sidebar-style":"default","ast-global-header-display":"","ast-banner-title-visibility":"","ast-main-header-display":"","ast-hfb-above-header-display":"","ast-hfb-below-header-display":"","ast-hfb-mobile-header-display":"","site-post-title":"disabled","ast-breadcrumbs-content":"","ast-featured-img":"disabled","footer-sml-layout":"","ast-disable-related-posts":"","theme-transparent-header-meta":"default","adv-header-id-meta":"","stick-header-meta":"default","header-above-stick-meta":"","header-main-stick-meta":"","header-below-stick-meta":"","astra-migrate-meta-layouts":"set","ast-page-background-enabled":"default","ast-page-background-meta":{"desktop":{"background-color":"var(--ast-global-color-4)","background-image":"","background-repeat":"repeat","background-position":"center center","background-size":"auto","background-attachment":"scroll","background-type":"","background-media":"","overlay-type":"","overlay-color":"","overlay-opacity":"","overlay-gradient":""},"tablet":{"background-color":"","background-image":"","background-repeat":"repeat","background-position":"center center","background-size":"auto","background-attachment":"scroll","background-type":"","background-media":"","overlay-type":"","overlay-color":"","overlay-opacity":"","overlay-gradient":""},"mobile":{"background-color":"","background-image":"","background-repeat":"repeat","background-position":"center center","background-size":"auto","background-attachment":"scroll","background-type":"","background-media":"","overlay-type":"","overlay-color":"","overlay-opacity":"","overlay-gradient":""}},"ast-content-background-meta":{"desktop":{"background-color":"var(--ast-global-color-5)","background-image":"","background-repeat":"repeat","background-position":"center center","background-size":"auto","background-attachment":"scroll","background-type":"","background-media":"","overlay-type":"","overlay-color":"","overlay-opacity":"","overlay-gradient":""},"tablet":{"background-color":"var(--ast-global-color-5)","background-image":"","background-repeat":"repeat","background-position":"center center","background-size":"auto","background-attachment":"scroll","background-type":"","background-media":"","overlay-type":"","overlay-color":"","overlay-opacity":"","overlay-gradient":""},"mobile":{"background-color":"var(--ast-global-color-5)","background-image":"","background-repeat":"repeat","background-position":"center center","background-size":"auto","background-attachment":"scroll","background-type":"","background-media":"","overlay-type":"","overlay-color":"","overlay-opacity":"","overlay-gradient":""}},"footnotes":""},"class_list":["post-7","page","type-page","status-publish","has-post-thumbnail","hentry"],"_links":{"self":[{"href":"https:\/\/www.npsconsulting-avocats.fr\/NPS\/wp-json\/wp\/v2\/pages\/7","targetHints":{"allow":["GET"]}}],"collection":[{"href":"https:\/\/www.npsconsulting-avocats.fr\/NPS\/wp-json\/wp\/v2\/pages"}],"about":[{"href":"https:\/\/www.npsconsulting-avocats.fr\/NPS\/wp-json\/wp\/v2\/types\/page"}],"author":[{"embeddable":true,"href":"https:\/\/www.npsconsulting-avocats.fr\/NPS\/wp-json\/wp\/v2\/users\/2"}],"replies":[{"embeddable":true,"href":"https:\/\/www.npsconsulting-avocats.fr\/NPS\/wp-json\/wp\/v2\/comments?post=7"}],"version-history":[{"count":10,"href":"https:\/\/www.npsconsulting-avocats.fr\/NPS\/wp-json\/wp\/v2\/pages\/7\/revisions"}],"predecessor-version":[{"id":3565,"href":"https:\/\/www.npsconsulting-avocats.fr\/NPS\/wp-json\/wp\/v2\/pages\/7\/revisions\/3565"}],"wp:featuredmedia":[{"embeddable":true,"href":"https:\/\/www.npsconsulting-avocats.fr\/NPS\/wp-json\/wp\/v2\/media\/3109"}],"wp:attachment":[{"href":"https:\/\/www.npsconsulting-avocats.fr\/NPS\/wp-json\/wp\/v2\/media?parent=7"}],"curies":[{"name":"wp","href":"https:\/\/api.w.org\/{rel}","templated":true}]}}