{"id":287,"date":"2010-08-30T16:31:30","date_gmt":"2010-08-30T14:31:30","guid":{"rendered":"http:\/\/www.npsconsulting-avocats.fr\/NPS"},"modified":"2023-07-16T15:44:56","modified_gmt":"2023-07-16T13:44:56","slug":"mentions-legales","status":"publish","type":"page","link":"https:\/\/www.npsconsulting-avocats.fr\/NPS\/mentions-legales\/","title":{"rendered":"MENTIONS LEGALES"},"content":{"rendered":"<p>NPS CONSULTING AVOCATS, soci\u00e9t\u00e9 d&rsquo;exercice lib\u00e9ral \u00e0 responsabilit\u00e9 limit\u00e9e au capital de 100 000 euros, immatricul\u00e9e sous le SIREN 509850798, est en activit\u00e9 depuis 15 ans.<\/p>\n<p>Localis\u00e9e \u00e0 LYON (69002), elle est sp\u00e9cialis\u00e9e dans le secteur des activit\u00e9s juridiques. Son effectif <span class=\"ft-bold\">est compris entre 1 et 2 salari\u00e9s.<\/span> Colas AMBLARD est g\u00e9rant de l&rsquo;entreprise NPS CONSULTING AVOCATS.<\/p>\n<p>Directeur de la publication : Me Colas AMBLARD<\/p>\n<p>Le site <a href=\"http:\/\/www.npsconsulting-avocats.com\">http:\/\/www.npsconsulting-avocats.com<\/a> que vous consultez est un site d&rsquo;informations sur la Soci\u00e9t\u00e9 NPS CONSULTING AVOCATS.<\/p>\n<p>L&rsquo;ensemble de ce site rel\u00e8ve des l\u00e9gislations fran\u00e7aise et internationale sur le droit d&rsquo;auteur et de la propri\u00e9t\u00e9 intellectuelle. Tous les droits de reproduction sont r\u00e9serv\u00e9s, y compris pour les documents iconographiques et photographiques.<\/p>\n<p>Les informations consultables sur le pr\u00e9sent site ne constituent en aucune fa\u00e7on une offre de services, ni d&rsquo;ailleurs une offre ou une recommandation et\/ou une sollicitation d&rsquo;offre de ces services.<\/p>\n<p>Tous les droits de reproduction sont r\u00e9serv\u00e9s, y compris pour les documents iconographiques et photographiques.<\/p>\n<p>La cr\u00e9ation de liens hypertextes vers le site\u00a0<a href=\"http:\/\/www.npsconsulting-avocats.com\">http:\/\/www.npsconsulting-avocats.com<\/a> est soumis \u00e0 l&rsquo;accord pr\u00e9alable du Directeur de la Publication.<\/p>\n<p>Les articles et informations publi\u00e9s sur le site NPS CONSULTING AVOCATS n&rsquo;ont qu&rsquo;une valeur d&rsquo;information g\u00e9n\u00e9rale \u00e0 la date de leur publication. Tout autre usage rel\u00e8ve de la seule responsabilit\u00e9 de son utilisateur qui ne saurait tenir pour responsable la Soci\u00e9t\u00e9 d&rsquo;avocats NPS CONSULTING AVOCATS des cons\u00e9quences \u00e9ventuelles.<\/p>\n<p>&nbsp;<\/p>\n","protected":false},"excerpt":{"rendered":"<p>NPS CONSULTING AVOCATS, soci\u00e9t\u00e9 d&rsquo;exercice lib\u00e9ral \u00e0 responsabilit\u00e9 limit\u00e9e au capital de 100 000 euros, immatricul\u00e9e sous le SIREN 509850798, est en activit\u00e9 depuis 15 ans. Localis\u00e9e \u00e0 LYON (69002), elle est sp\u00e9cialis\u00e9e dans le secteur des activit\u00e9s juridiques. Son effectif est compris entre 1 et 2 salari\u00e9s. Colas AMBLARD est g\u00e9rant de l&rsquo;entreprise NPS [&hellip;]<\/p>\n","protected":false},"author":2,"featured_media":0,"parent":0,"menu_order":9,"comment_status":"closed","ping_status":"closed","template":"","meta":{"site-sidebar-layout":"default","site-content-layout":"default","ast-site-content-layout":"default","site-content-style":"default","site-sidebar-style":"default","ast-global-header-display":"","ast-banner-title-visibility":"","ast-main-header-display":"","ast-hfb-above-header-display":"","ast-hfb-below-header-display":"","ast-hfb-mobile-header-display":"","site-post-title":"","ast-breadcrumbs-content":"","ast-featured-img":"","footer-sml-layout":"","ast-disable-related-posts":"","theme-transparent-header-meta":"default","adv-header-id-meta":"","stick-header-meta":"default","header-above-stick-meta":"","header-main-stick-meta":"","header-below-stick-meta":"","astra-migrate-meta-layouts":"default","ast-page-background-enabled":"default","ast-page-background-meta":{"desktop":{"background-color":"var(--ast-global-color-4)","background-image":"","background-repeat":"repeat","background-position":"center center","background-size":"auto","background-attachment":"scroll","background-type":"","background-media":"","overlay-type":"","overlay-color":"","overlay-opacity":"","overlay-gradient":""},"tablet":{"background-color":"","background-image":"","background-repeat":"repeat","background-position":"center center","background-size":"auto","background-attachment":"scroll","background-type":"","background-media":"","overlay-type":"","overlay-color":"","overlay-opacity":"","overlay-gradient":""},"mobile":{"background-color":"","background-image":"","background-repeat":"repeat","background-position":"center center","background-size":"auto","background-attachment":"scroll","background-type":"","background-media":"","overlay-type":"","overlay-color":"","overlay-opacity":"","overlay-gradient":""}},"ast-content-background-meta":{"desktop":{"background-color":"var(--ast-global-color-5)","background-image":"","background-repeat":"repeat","background-position":"center center","background-size":"auto","background-attachment":"scroll","background-type":"","background-media":"","overlay-type":"","overlay-color":"","overlay-opacity":"","overlay-gradient":""},"tablet":{"background-color":"var(--ast-global-color-5)","background-image":"","background-repeat":"repeat","background-position":"center center","background-size":"auto","background-attachment":"scroll","background-type":"","background-media":"","overlay-type":"","overlay-color":"","overlay-opacity":"","overlay-gradient":""},"mobile":{"background-color":"var(--ast-global-color-5)","background-image":"","background-repeat":"repeat","background-position":"center center","background-size":"auto","background-attachment":"scroll","background-type":"","background-media":"","overlay-type":"","overlay-color":"","overlay-opacity":"","overlay-gradient":""}},"footnotes":""},"class_list":["post-287","page","type-page","status-publish","hentry"],"_links":{"self":[{"href":"https:\/\/www.npsconsulting-avocats.fr\/NPS\/wp-json\/wp\/v2\/pages\/287","targetHints":{"allow":["GET"]}}],"collection":[{"href":"https:\/\/www.npsconsulting-avocats.fr\/NPS\/wp-json\/wp\/v2\/pages"}],"about":[{"href":"https:\/\/www.npsconsulting-avocats.fr\/NPS\/wp-json\/wp\/v2\/types\/page"}],"author":[{"embeddable":true,"href":"https:\/\/www.npsconsulting-avocats.fr\/NPS\/wp-json\/wp\/v2\/users\/2"}],"replies":[{"embeddable":true,"href":"https:\/\/www.npsconsulting-avocats.fr\/NPS\/wp-json\/wp\/v2\/comments?post=287"}],"version-history":[{"count":22,"href":"https:\/\/www.npsconsulting-avocats.fr\/NPS\/wp-json\/wp\/v2\/pages\/287\/revisions"}],"predecessor-version":[{"id":3332,"href":"https:\/\/www.npsconsulting-avocats.fr\/NPS\/wp-json\/wp\/v2\/pages\/287\/revisions\/3332"}],"wp:attachment":[{"href":"https:\/\/www.npsconsulting-avocats.fr\/NPS\/wp-json\/wp\/v2\/media?parent=287"}],"curies":[{"name":"wp","href":"https:\/\/api.w.org\/{rel}","templated":true}]}}