{"id":201,"date":"2010-07-26T13:01:25","date_gmt":"2010-07-26T11:01:25","guid":{"rendered":"http:\/\/www.npsconsulting-avocats.fr\/NPS"},"modified":"2026-04-12T14:44:11","modified_gmt":"2026-04-12T12:44:11","slug":"accueil-2","status":"publish","type":"page","link":"https:\/\/www.npsconsulting-avocats.fr\/NPS\/","title":{"rendered":"DROIT DES ASSOCIATIONS"},"content":{"rendered":"\n<h1>\n\t\t\tAccueil\t<\/h1>\n\t<p>DROIT DES AFFAIRES, ECONOMIE SOCIALE &amp; SOLIDAIRE, DROIT DES ASSOCIATIONS &amp; ORGANISMES SANS BUT LUCRATIF, DROIT DU SPORT, DROIT FISCAL, DROIT DES CONTRATS, PROCEDURES COLLECTIVES, CONTENTIEUX &amp; RECOUVREMENT JUDICIAIRE<\/p>\n\t\t<a href=\"https:\/\/www.npsconsulting-avocats.fr\/NPS\/abonnement-nps-consulting-avocats-2025\/\" title=\"Afficher le contenu de la bo\u00eete\" target=\"_self\"  aria-label=\"Post Element\"><\/a>\t\t\n\t\t\t\t\t\t\t<h5>\n\t\t\t11 mars 2026\t\t\t\n\t\t\t\t\t\t\t<\/h5>\n\t\t\t\t\t\t\t<h3>\n\t\t\t\t<a href=\"https:\/\/www.npsconsulting-avocats.fr\/NPS\/abonnement-nps-consulting-avocats-2025\/\" title=\"Abonnement NPS consulting avocats \u00ab\u00a0OSBL ET ENTREPRISES ESS\u00a0\u00bb 2026\">Abonnement NPS consulting avocats \u00ab\u00a0OSBL ET ENTREPRISES ESS\u00a0\u00bb 2026<\/a>\t\t\t<\/h3>\n\t\t<a href=\"https:\/\/www.npsconsulting-avocats.fr\/NPS\/publication-du-rapport-nps-consulting-avocats-sur-le-regime-fiscal-des-ebe-dans-le-cadre-de-tzcl\/\" title=\"Afficher le contenu de la bo\u00eete\" target=\"_self\"  aria-label=\"Post Element\"><\/a>\t\t\n\t\t\t\t\t\t\t<h5>\n\t\t\t11 avril 2026\t\t\t\n\t\t\t\t\t\t\t<\/h5>\n\t\t\t\t\t\t\t<h3>\n\t\t\t\t<a href=\"https:\/\/www.npsconsulting-avocats.fr\/NPS\/publication-du-rapport-nps-consulting-avocats-sur-le-regime-fiscal-des-ebe-dans-le-cadre-de-tzcl\/\" title=\"Publication du rapport national NPS CONSULTING AVOCATS sur le r\u00e9gime fiscal des EBE dans le cadre de TZCLD\">Publication du rapport national NPS CONSULTING AVOCATS sur le r\u00e9gime fiscal des EBE dans le cadre de TZCLD<\/a>\t\t\t<\/h3>\n\t\t<a href=\"https:\/\/www.npsconsulting-avocats.fr\/NPS\/beneficiaires-effectifs-une-nouvelle-exigence-de-transparence-pour-les-organismes-sans-but-lucratif-et-un-signal-plus-large-pour-toute-less\/\" title=\"Afficher le contenu de la bo\u00eete\" target=\"_self\"  aria-label=\"Post Element\"><\/a>\t\t\n\t\t\t\t\t\t\t<h5>\n\t\t\t31 mars 2026\t\t\t\n\t\t\t\t\t\t\t<\/h5>\n\t\t\t\t\t\t\t<h3>\n\t\t\t\t<a href=\"https:\/\/www.npsconsulting-avocats.fr\/NPS\/beneficiaires-effectifs-une-nouvelle-exigence-de-transparence-pour-les-organismes-sans-but-lucratif-et-un-signal-plus-large-pour-toute-less\/\" title=\"B\u00e9n\u00e9ficiaires effectifs : une nouvelle exigence de transparence pour les organismes sans but lucratif, et un signal plus large pour toute l'ESS\">B\u00e9n\u00e9ficiaires effectifs : une nouvelle exigence de transparence pour les organismes sans but lucratif, et un signal plus large pour toute l&rsquo;ESS<\/a>\t\t\t<\/h3>\n\t\t<a href=\"https:\/\/www.npsconsulting-avocats.fr\/NPS\/cooperations-entre-associations-un-enjeu-fiscal-structurant\/\" title=\"Afficher le contenu de la bo\u00eete\" target=\"_self\"  aria-label=\"Post Element\"><\/a>\t\t\n\t\t\t\t\t\t\t<h5>\n\t\t\t22 mars 2026\t\t\t\n\t\t\t\t\t\t\t<\/h5>\n\t\t\t\t\t\t\t<h3>\n\t\t\t\t<a href=\"https:\/\/www.npsconsulting-avocats.fr\/NPS\/cooperations-entre-associations-un-enjeu-fiscal-structurant\/\" title=\"Coop\u00e9ration(s) entre associations : un enjeu fiscal structurant\">Coop\u00e9ration(s) entre associations : un enjeu fiscal structurant<\/a>\t\t\t<\/h3>\n\t\t<a href=\"https:\/\/www.npsconsulting-avocats.fr\/NPS\/elections-municipales-2026-faire-des-centres-de-sante-associatifs-un-levier-operationnel-contre-les-deserts-medicaux\/\" title=\"Afficher le contenu de la bo\u00eete\" target=\"_self\"  aria-label=\"Post Element\"><\/a>\t\t\n\t\t\t\t\t\t\t<h5>\n\t\t\t11 mars 2026\t\t\t\n\t\t\t\t\t\t\t<\/h5>\n\t\t\t\t\t\t\t<h3>\n\t\t\t\t<a href=\"https:\/\/www.npsconsulting-avocats.fr\/NPS\/elections-municipales-2026-faire-des-centres-de-sante-associatifs-un-levier-operationnel-contre-les-deserts-medicaux\/\" title=\"\u00c9lections municipales 2026 : faire des centres de sant\u00e9 associatifs un levier op\u00e9rationnel contre les d\u00e9serts m\u00e9dicaux\">\u00c9lections municipales 2026 : faire des centres de sant\u00e9 associatifs un levier op\u00e9rationnel contre les d\u00e9serts m\u00e9dicaux<\/a>\t\t\t<\/h3>\n\t\t\t\t\t<ul id=\"menu-menu-accueil\"><li id=\"menu-item-1769\"><a href=\"https:\/\/www.npsconsulting-avocats.fr\/NPS\/presentation-nps-consulting\/\">DOMAINES D&rsquo;INTERVENTION<\/a><\/li>\n<li id=\"menu-item-1770\"><a href=\"https:\/\/www.npsconsulting-avocats.fr\/NPS\/domaine-dintervention-nps-consulting\/\">COMPETENCES<\/a><\/li>\n<li id=\"menu-item-1771\"><a href=\"https:\/\/www.npsconsulting-avocats.fr\/NPS\/equipe-nps-consulting\/\">\u00c9QUIPE<\/a><\/li>\n<li id=\"menu-item-1772\"><a href=\"https:\/\/www.npsconsulting-avocats.fr\/NPS\/references\/\">R\u00c9F\u00c9RENCES<\/a><\/li>\n<li id=\"menu-item-1773\"><a href=\"https:\/\/www.npsconsulting-avocats.fr\/NPS\/modalites-dintervention-nps-consulting\/\">MODALIT\u00c9S D&rsquo;INTERVENTION &#8211; RGPD<\/a><\/li>\n<li id=\"menu-item-1774\"><a href=\"https:\/\/www.npsconsulting-avocats.fr\/NPS\/actualite-derniere-minute-nps-consulting\/\">ACTUALIT\u00c9S<\/a><\/li>\n<li id=\"menu-item-1775\"><a href=\"https:\/\/www.npsconsulting-avocats.fr\/NPS\/contactez-nps-consulting\/\">CONTACT<\/a><\/li>\n<\/ul>\t\n\t\n","protected":false},"excerpt":{"rendered":"<p>Accueil DROIT DES AFFAIRES, ECONOMIE SOCIALE &amp; SOLIDAIRE, DROIT DES ASSOCIATIONS &amp; ORGANISMES SANS BUT LUCRATIF, DROIT DU SPORT, DROIT FISCAL, DROIT DES CONTRATS, PROCEDURES COLLECTIVES, CONTENTIEUX &amp; RECOUVREMENT JUDICIAIRE 11 mars 2026 Abonnement NPS consulting avocats \u00ab\u00a0OSBL ET ENTREPRISES ESS\u00a0\u00bb 2026 11 avril 2026 Publication du rapport national NPS CONSULTING AVOCATS sur le r\u00e9gime [&hellip;]<\/p>\n","protected":false},"author":2,"featured_media":0,"parent":0,"menu_order":0,"comment_status":"closed","ping_status":"closed","template":"","meta":{"site-sidebar-layout":"default","site-content-layout":"default","ast-site-content-layout":"default","site-content-style":"default","site-sidebar-style":"default","ast-global-header-display":"","ast-banner-title-visibility":"","ast-main-header-display":"","ast-hfb-above-header-display":"","ast-hfb-below-header-display":"","ast-hfb-mobile-header-display":"","site-post-title":"disabled","ast-breadcrumbs-content":"","ast-featured-img":"disabled","footer-sml-layout":"","ast-disable-related-posts":"","theme-transparent-header-meta":"default","adv-header-id-meta":"","stick-header-meta":"default","header-above-stick-meta":"","header-main-stick-meta":"","header-below-stick-meta":"","astra-migrate-meta-layouts":"set","ast-page-background-enabled":"default","ast-page-background-meta":{"desktop":{"background-color":"var(--ast-global-color-4)","background-image":"","background-repeat":"repeat","background-position":"center center","background-size":"auto","background-attachment":"scroll","background-type":"","background-media":"","overlay-type":"","overlay-color":"","overlay-opacity":"","overlay-gradient":""},"tablet":{"background-color":"","background-image":"","background-repeat":"repeat","background-position":"center center","background-size":"auto","background-attachment":"scroll","background-type":"","background-media":"","overlay-type":"","overlay-color":"","overlay-opacity":"","overlay-gradient":""},"mobile":{"background-color":"","background-image":"","background-repeat":"repeat","background-position":"center center","background-size":"auto","background-attachment":"scroll","background-type":"","background-media":"","overlay-type":"","overlay-color":"","overlay-opacity":"","overlay-gradient":""}},"ast-content-background-meta":{"desktop":{"background-color":"var(--ast-global-color-5)","background-image":"","background-repeat":"repeat","background-position":"center center","background-size":"auto","background-attachment":"scroll","background-type":"","background-media":"","overlay-type":"","overlay-color":"","overlay-opacity":"","overlay-gradient":""},"tablet":{"background-color":"var(--ast-global-color-5)","background-image":"","background-repeat":"repeat","background-position":"center center","background-size":"auto","background-attachment":"scroll","background-type":"","background-media":"","overlay-type":"","overlay-color":"","overlay-opacity":"","overlay-gradient":""},"mobile":{"background-color":"var(--ast-global-color-5)","background-image":"","background-repeat":"repeat","background-position":"center center","background-size":"auto","background-attachment":"scroll","background-type":"","background-media":"","overlay-type":"","overlay-color":"","overlay-opacity":"","overlay-gradient":""}},"footnotes":""},"class_list":["post-201","page","type-page","status-publish","hentry"],"_links":{"self":[{"href":"https:\/\/www.npsconsulting-avocats.fr\/NPS\/wp-json\/wp\/v2\/pages\/201","targetHints":{"allow":["GET"]}}],"collection":[{"href":"https:\/\/www.npsconsulting-avocats.fr\/NPS\/wp-json\/wp\/v2\/pages"}],"about":[{"href":"https:\/\/www.npsconsulting-avocats.fr\/NPS\/wp-json\/wp\/v2\/types\/page"}],"author":[{"embeddable":true,"href":"https:\/\/www.npsconsulting-avocats.fr\/NPS\/wp-json\/wp\/v2\/users\/2"}],"replies":[{"embeddable":true,"href":"https:\/\/www.npsconsulting-avocats.fr\/NPS\/wp-json\/wp\/v2\/comments?post=201"}],"version-history":[{"count":18,"href":"https:\/\/www.npsconsulting-avocats.fr\/NPS\/wp-json\/wp\/v2\/pages\/201\/revisions"}],"predecessor-version":[{"id":3736,"href":"https:\/\/www.npsconsulting-avocats.fr\/NPS\/wp-json\/wp\/v2\/pages\/201\/revisions\/3736"}],"wp:attachment":[{"href":"https:\/\/www.npsconsulting-avocats.fr\/NPS\/wp-json\/wp\/v2\/media?parent=201"}],"curies":[{"name":"wp","href":"https:\/\/api.w.org\/{rel}","templated":true}]}}