{"id":12,"date":"2010-06-04T12:00:11","date_gmt":"2010-06-04T10:00:11","guid":{"rendered":"http:\/\/www.npsconsulting-avocats.fr\/NPS\/?page_id=12"},"modified":"2023-01-19T11:46:09","modified_gmt":"2023-01-19T09:46:09","slug":"modalites-dintervention-nps-consulting","status":"publish","type":"page","link":"https:\/\/www.npsconsulting-avocats.fr\/NPS\/modalites-dintervention-nps-consulting\/","title":{"rendered":"MODALIT\u00c9S D\u2019INTERVENTION &#8211; RGPD"},"content":{"rendered":"\n<h1>\n\t\tModalit\u00e9s d&rsquo;intervention &#8211; RGPD\n\t<\/h1>\n\t\t\t\t<img loading=\"lazy\" decoding=\"async\" src=\"https:\/\/www.npsconsulting-avocats.fr\/NPS\/wp-content\/uploads\/2010\/06\/Fotolia_87174511_S-2-e1458225685426.jpg\" alt=\"Zielscheiben mit Pfeilen\" itemprop=\"image\" height=\"136\" width=\"440\" title=\"Zielscheiben mit Pfeilen\" onerror=\"this.style.display='none'\"  \/>\n\t<h2><strong>NPS <em>CONSULTING <\/em>AVOCATS est le conseil de nombreux organismes sans but lucratif, collectivit\u00e9s territoriales, entreprises m\u00e9c\u00e8nes &amp; personnalit\u00e9s du monde sportif et culturel<br \/>\n<\/strong><\/h2>\n<p><!--more--><\/p>\n<ul>\n<li>\n<h2>MODALIT\u00c9S D&rsquo;INTERVENTION<\/h2>\n<\/li>\n<\/ul>\n<p><strong>NPS <em>CONSULTING<\/em><\/strong> <strong>AVOCATS<\/strong> intervient conform\u00e9ment aux principes suivants :<\/p>\n<p>&#8211; Respect des principes \u00e9dict\u00e9s par l&rsquo;<a href=\"https:\/\/www.cnb.avocat.fr\/fr\/reglement-interieur-national-de-la-profession-davocat-rin#\">article 11 du R\u00e8glement Int\u00e9rieur National (RIN)<\/a> de la profession d&rsquo;avocats.<\/p>\n<p>&#8211; \u00c9tablissement d&rsquo;un devis \u00e9crit pr\u00e9alablement accept\u00e9 par le Client (sur demande).<\/p>\n<p>&#8211; Possibilit\u00e9 d&rsquo;une demande de provision (30%).<\/p>\n<p>&#8211; Respect du taux horaire forfaitaire librement n\u00e9goci\u00e9 en accord avec le Client.<\/p>\n<p>&#8211; Paiement des factures sous quinzaine \u00e0 r\u00e9ception.<\/p>\n<p>&#8211; Transparence par la mise \u00e0 disposition des fiches de temps en fin de mission sur simple demande du Client.<\/p>\n<p>&#8211; Disponibilit\u00e9 sur tout le territoire national et \u00e0 l&rsquo;\u00e9tranger.<\/p>\n<p>&#8211; R\u00e9activit\u00e9 : d\u00e9lai de r\u00e9ponse de 12h \u00e0 24 h maximum.<\/p>\n<p>Le premier rendez-vous ne donne lieu en principe \u00e0 aucune facturation, sauf en cas de d\u00e9placement, s&rsquo;il est demand\u00e9 au pr\u00e9alable d&rsquo;\u00e9tudier des documents ou si des informations pr\u00e9cises et circonstanci\u00e9es sont d\u00e9livr\u00e9es \u00e0 cette occasion \u00e0 la demande expresse du client.<\/p>\n<p><strong>NPS\u00a0<em>CONSULTING<\/em> AVOCATS<\/strong> est \u00e9quip\u00e9 du logiciel de gestion de cabinet d&rsquo;avocats SECIB.<\/p>\n<p><strong>\u00a0<\/strong><\/p>\n<ul>\n<li>\n<h2>HONORAIRES<\/h2>\n<\/li>\n<\/ul>\n<p>Les honoraires de <strong>NPS <em>CONSULTING<\/em><\/strong> <strong>AVOCATS<\/strong> sont fix\u00e9s conform\u00e9ment \u00e0 l&rsquo;article 10 de la loi du 31 d\u00e9cembre 1971 modifi\u00e9e par l&rsquo;article 51 de la loi du 6 ao\u00fbt 2015 dont le texte est ci-apr\u00e8s rappel\u00e9 :<\/p>\n<p>\u00ab <em>Les honoraires de postulation, de consultation, d&rsquo;assistance, de conseil, de r\u00e9daction d&rsquo;actes juridiques sous seing priv\u00e9 et de plaidoirie sont fix\u00e9s en accord avec le client. Sauf en cas d&rsquo;urgence ou de force majeure ou lorsqu&rsquo;il intervient au titre de l&rsquo;aide juridictionnelle totale ou de la troisi\u00e8me partie de la loi n\u00b0 91-647 du 10 juillet 1991 relative \u00e0 l&rsquo;aide juridique, l&rsquo;avocat conclut par \u00e9crit avec son client une convention d&rsquo;honoraires, qui pr\u00e9cise, notamment, le montant ou le mode de d\u00e9termination des honoraires couvrant les diligences pr\u00e9visibles, ainsi que les divers frais et d\u00e9bours envisag\u00e9s. Les honoraires tiennent compte, selon les usages, de la situation de fortune du client, de la difficult\u00e9 de l&rsquo;affaire, des frais expos\u00e9s par l&rsquo;avocat, de sa notori\u00e9t\u00e9 et des diligences de celui-ci. Toute fixation d&rsquo;honoraires qui ne le serait qu&rsquo;en fonction du r\u00e9sultat judiciaire est interdite. Est licite la convention qui, outre la r\u00e9mun\u00e9ration des prestations effectu\u00e9es, pr\u00e9voit la fixation d&rsquo;un honoraire compl\u00e9mentaire en fonction du r\u00e9sultat obtenu ou du service rendu.<\/em> \u00bb<\/p>\n<p>La fixation de l&rsquo;honoraire peut s&rsquo;effectuer de fa\u00e7on suivante:<\/p>\n<p><strong>&#8211; Au temps pass\u00e9 :<\/strong><\/p>\n<p>Le taux de r\u00e9mun\u00e9ration horaire est multipli\u00e9 par le nombre d&rsquo;heures effectu\u00e9es.<\/p>\n<p><strong>&#8211; Au forfait :<\/strong><\/p>\n<p>La r\u00e9mun\u00e9ration globale est fix\u00e9e une fois pour toute, sans tenir compte du temps effectivement pass\u00e9.<\/p>\n<p><strong>&#8211; Au r\u00e9sultat :<\/strong><\/p>\n<p>L&rsquo;honoraire est librement n\u00e9goci\u00e9 \u00e0 l&rsquo;avance et consiste dans le r\u00e8glement d&rsquo;un pourcentage des sommes obtenues par l&rsquo;avocat ou l&rsquo;\u00e9conomie r\u00e9alis\u00e9e suite \u00e0 la r\u00e9clamation de la partie adverse.<\/p>\n<p><strong>&#8211; En abonnement :<\/strong><\/p>\n<p>Si vous ou votre structure avez des besoins de conseils r\u00e9guliers,<strong> NPS <em>CONSULTING<\/em> AVOCATS<\/strong> propose<a href=\"https:\/\/www.npsconsulting-avocats.fr\/NPS\/abonnement-nps-consulting-avocats-2023\/\"> 2 formules d&rsquo;abonnement.<\/a><\/p>\n<p>Membre d&rsquo;une association agr\u00e9\u00e9e, <strong>NPS <em>CONSULTING<\/em><\/strong> <strong>AVOCATS<\/strong> accepte les r\u00e8glements par ch\u00e8que ou en esp\u00e8ces.<\/p>\n<p>&nbsp;<\/p>\n<ul>\n<li>\n<h2><strong>RGPD (<\/strong>TRAITEMENT DES DONN\u00c9ES PERSONNELLES)<br \/>\n<\/h2>\n<\/li>\n<\/ul>\n<p>Les informations recueillies durant le traitement de votre affaire font l&rsquo;objet d&rsquo;un traitement informatique destin\u00e9 au suivi de votre dossier\u00a0: consultation, r\u00e9daction d&rsquo;actes juridiques, plaidoiries.<\/p>\nLe destinataire des donn\u00e9es est <strong>NPS <em>CONSULTING <\/em>AVOCATS<\/strong>, avocat au Barreau de LYON (Toque 1146), demeurant 1 Place Francisque REGAUD 69\u00a0002 LYON, t\u00e9l\u00e9phone\u00a0: 04.72.60.86.80 &#8211; t\u00e9l\u00e9copie\u00a0: 04.78.62.94.20, e-mail : contact@npsconsulting-avocats.com ou secr\u00e9tariat@npsconsulting-avocats.com<br \/>\n\n<p>Conform\u00e9ment aux articles 13 et 14 du r\u00e8glement UE g\u00e9n\u00e9ral sur la protection des donn\u00e9es 2016\/679 du Parlement europ\u00e9en et du Conseil du 27 avril 2016 et l&rsquo;article 32 de la loi \u00ab\u00a0informatique et libert\u00e9s\u00a0\u00bb du 6 janvier 1978 modifi\u00e9e en 2004, le client est inform\u00e9 que\u00a0:<\/p>\n<ul>\n<li>\n<p>Le responsable du fichier est Ma\u00eetre Colas AMBLARD dont les coordonn\u00e9es sont pr\u00e9cis\u00e9es ci-dessus. La finalit\u00e9 du traitement de ces donn\u00e9es est le suivi du dossier confi\u00e9 conform\u00e9ment au mandat donn\u00e9 et d\u00e9taill\u00e9 dans la pr\u00e9sente convention d&rsquo;honoraires.<\/p>\n<\/li>\n<li>\n<p>Le destinataire est l&rsquo;avocat qui traite votre dossier. Le destinataire pourra \u00eatre un confr\u00e8re, avocat correspondant, partenaire ou postulant si son intervention est n\u00e9cessaire.<\/p>\n<\/li>\n<li>\n<p>Ces donn\u00e9es sont conserv\u00e9es durant 5 ans \u00e0 compter du dernier acte juridique de votre dossier.<\/p>\n<\/li>\n<li>\n<p>Le client b\u00e9n\u00e9ficie d&rsquo;un droit d&rsquo;acc\u00e8s, de rectification ou d&rsquo;effacement de vos donn\u00e9es personnelles que vous pouvez solliciter par courriel ou courrier postal.<\/p>\n<\/li>\n<li>\n<p>Le client b\u00e9n\u00e9ficie du droit de demander une limitation du traitement de ses donn\u00e9es personnelles.<\/p>\n<\/li>\n<li>\n<p>Le client b\u00e9n\u00e9ficie du droit de s&rsquo;opposer au traitement de ses donn\u00e9es personnelles et du droit \u00e0 la portabilit\u00e9 de ses donn\u00e9es.<\/p>\n<\/li>\n<li>\n<p>Le client peut retirer son consentement au traitement de ses donn\u00e9es personnelles, \u00e0 tout moment, en \u00e9crivant \u00e0 Ma\u00eetre Colas AMBLARD par courriel ou mail postal.<\/p>\n<\/li>\n<li>\n<p>Le client peut introduire une r\u00e9clamation aupr\u00e8s de la CNIL (site de la CNIL\u00a0: <a href=\"http:\/\/www.cnil.fr\" target=\"_blank\" rel=\"noopener\">www.cnil.fr<\/a>) s&rsquo;il estime que la protection de ses donn\u00e9es personnelles n&rsquo;a pas \u00e9t\u00e9 assur\u00e9e dans le cadre du traitement de son dossier.<\/p>\n<\/li>\n<li>\n<p><strong>NPS <em>CONSULTING<\/em><\/strong> <strong>AVOCATS <\/strong>tient un registre des activit\u00e9s de traitement des donn\u00e9es personnelles dont le client peut demander la consultation s&rsquo;il le souhaite.<\/p>\n<\/li>\n<\/ul>\n<p><em>\u00a0<\/em><\/p>\n<p><em>\u00a0<\/em><\/p>\n\n","protected":false},"excerpt":{"rendered":"<p>Modalit\u00e9s d&rsquo;intervention &#8211; RGPD NPS CONSULTING AVOCATS est le conseil de nombreux organismes sans but lucratif, collectivit\u00e9s territoriales, entreprises m\u00e9c\u00e8nes &amp; personnalit\u00e9s du monde sportif et culturel<\/p>\n","protected":false},"author":2,"featured_media":1820,"parent":0,"menu_order":4,"comment_status":"closed","ping_status":"closed","template":"","meta":{"site-sidebar-layout":"default","site-content-layout":"default","ast-site-content-layout":"default","site-content-style":"default","site-sidebar-style":"default","ast-global-header-display":"","ast-banner-title-visibility":"","ast-main-header-display":"","ast-hfb-above-header-display":"","ast-hfb-below-header-display":"","ast-hfb-mobile-header-display":"","site-post-title":"disabled","ast-breadcrumbs-content":"","ast-featured-img":"disabled","footer-sml-layout":"","ast-disable-related-posts":"","theme-transparent-header-meta":"default","adv-header-id-meta":"","stick-header-meta":"","header-above-stick-meta":"","header-main-stick-meta":"","header-below-stick-meta":"","astra-migrate-meta-layouts":"default","ast-page-background-enabled":"default","ast-page-background-meta":{"desktop":{"background-color":"var(--ast-global-color-4)","background-image":"","background-repeat":"repeat","background-position":"center center","background-size":"auto","background-attachment":"scroll","background-type":"","background-media":"","overlay-type":"","overlay-color":"","overlay-opacity":"","overlay-gradient":""},"tablet":{"background-color":"","background-image":"","background-repeat":"repeat","background-position":"center center","background-size":"auto","background-attachment":"scroll","background-type":"","background-media":"","overlay-type":"","overlay-color":"","overlay-opacity":"","overlay-gradient":""},"mobile":{"background-color":"","background-image":"","background-repeat":"repeat","background-position":"center center","background-size":"auto","background-attachment":"scroll","background-type":"","background-media":"","overlay-type":"","overlay-color":"","overlay-opacity":"","overlay-gradient":""}},"ast-content-background-meta":{"desktop":{"background-color":"var(--ast-global-color-5)","background-image":"","background-repeat":"repeat","background-position":"center center","background-size":"auto","background-attachment":"scroll","background-type":"","background-media":"","overlay-type":"","overlay-color":"","overlay-opacity":"","overlay-gradient":""},"tablet":{"background-color":"var(--ast-global-color-5)","background-image":"","background-repeat":"repeat","background-position":"center center","background-size":"auto","background-attachment":"scroll","background-type":"","background-media":"","overlay-type":"","overlay-color":"","overlay-opacity":"","overlay-gradient":""},"mobile":{"background-color":"var(--ast-global-color-5)","background-image":"","background-repeat":"repeat","background-position":"center center","background-size":"auto","background-attachment":"scroll","background-type":"","background-media":"","overlay-type":"","overlay-color":"","overlay-opacity":"","overlay-gradient":""}},"footnotes":""},"class_list":["post-12","page","type-page","status-publish","has-post-thumbnail","hentry"],"_links":{"self":[{"href":"https:\/\/www.npsconsulting-avocats.fr\/NPS\/wp-json\/wp\/v2\/pages\/12","targetHints":{"allow":["GET"]}}],"collection":[{"href":"https:\/\/www.npsconsulting-avocats.fr\/NPS\/wp-json\/wp\/v2\/pages"}],"about":[{"href":"https:\/\/www.npsconsulting-avocats.fr\/NPS\/wp-json\/wp\/v2\/types\/page"}],"author":[{"embeddable":true,"href":"https:\/\/www.npsconsulting-avocats.fr\/NPS\/wp-json\/wp\/v2\/users\/2"}],"replies":[{"embeddable":true,"href":"https:\/\/www.npsconsulting-avocats.fr\/NPS\/wp-json\/wp\/v2\/comments?post=12"}],"version-history":[{"count":41,"href":"https:\/\/www.npsconsulting-avocats.fr\/NPS\/wp-json\/wp\/v2\/pages\/12\/revisions"}],"predecessor-version":[{"id":3143,"href":"https:\/\/www.npsconsulting-avocats.fr\/NPS\/wp-json\/wp\/v2\/pages\/12\/revisions\/3143"}],"wp:featuredmedia":[{"embeddable":true,"href":"https:\/\/www.npsconsulting-avocats.fr\/NPS\/wp-json\/wp\/v2\/media\/1820"}],"wp:attachment":[{"href":"https:\/\/www.npsconsulting-avocats.fr\/NPS\/wp-json\/wp\/v2\/media?parent=12"}],"curies":[{"name":"wp","href":"https:\/\/api.w.org\/{rel}","templated":true}]}}